{"id":7,"date":"2022-12-11T20:30:37","date_gmt":"2022-12-11T20:30:37","guid":{"rendered":"https:\/\/bakq8mu.myraidbox.de\/?page_id=7"},"modified":"2023-01-31T20:43:43","modified_gmt":"2023-01-31T20:43:43","slug":"alapos-2","status":"publish","type":"page","link":"http:\/\/alapos.de\/en\/","title":{"rendered":"Alapos"},"content":{"rendered":"<div data-elementor-type=\"wp-post\" data-elementor-id=\"7\" class=\"elementor elementor-7\">\n\t\t\t\t\t\t\t\t\t<section class=\"elementor-section elementor-top-section elementor-element elementor-element-e58b4ff elementor-section-full_width elementor-section-stretched elementor-section-height-default elementor-section-height-default\" data-id=\"e58b4ff\" data-element_type=\"section\" data-settings=\"{&quot;stretch_section&quot;:&quot;section-stretched&quot;}\">\n\t\t\t\t\t\t\t<div class=\"elementor-background-overlay\"><\/div>\n\t\t\t\t\t\t\t<div class=\"elementor-container elementor-column-gap-default\">\n\t\t\t\t\t<div class=\"elementor-column elementor-col-100 elementor-top-column elementor-element elementor-element-6ae6a18\" data-id=\"6ae6a18\" data-element_type=\"column\">\n\t\t\t<div class=\"elementor-widget-wrap elementor-element-populated\">\n\t\t\t\t\t\t\t\t<section class=\"elementor-section elementor-inner-section elementor-element elementor-element-1ea91cd elementor-section-boxed elementor-section-height-default elementor-section-height-default\" data-id=\"1ea91cd\" data-element_type=\"section\">\n\t\t\t\t\t\t<div class=\"elementor-container elementor-column-gap-default\">\n\t\t\t\t\t<div class=\"elementor-column elementor-col-50 elementor-inner-column elementor-element elementor-element-d4d4b50\" data-id=\"d4d4b50\" data-element_type=\"column\" data-settings=\"{&quot;background_background&quot;:&quot;classic&quot;}\">\n\t\t\t<div class=\"elementor-widget-wrap elementor-element-populated\">\n\t\t\t\t\t\t\t\t<div class=\"elementor-element elementor-element-5633ec5 elementor-widget elementor-widget-text-editor\" data-id=\"5633ec5\" data-element_type=\"widget\" data-widget_type=\"text-editor.default\">\n\t\t\t\t<div class=\"elementor-widget-container\">\n\t\t\t<style>\/*! elementor - v3.10.1 - 17-01-2023 *\/\n.elementor-widget-text-editor.elementor-drop-cap-view-stacked .elementor-drop-cap{background-color:#818a91;color:#fff}.elementor-widget-text-editor.elementor-drop-cap-view-framed .elementor-drop-cap{color:#818a91;border:3px solid;background-color:transparent}.elementor-widget-text-editor:not(.elementor-drop-cap-view-default) .elementor-drop-cap{margin-top:8px}.elementor-widget-text-editor:not(.elementor-drop-cap-view-default) .elementor-drop-cap-letter{width:1em;height:1em}.elementor-widget-text-editor .elementor-drop-cap{float:left;text-align:center;line-height:1;font-size:50px}.elementor-widget-text-editor .elementor-drop-cap-letter{display:inline-block}<\/style>\t\t\t\t<div class=\"slider-title-head\"><h3 class=\"entry-title\"><span style=\"color: #ffffff;\">Academic Advising and Preparation<\/span><\/h3><\/div><div class=\"entry-content\"><p><span style=\"color: #ffffff;\">We prepare you well for your studies in Germany<\/span><\/p><\/div>\t\t\t\t\t\t<\/div>\n\t\t\t\t<\/div>\n\t\t\t\t<div class=\"elementor-element elementor-element-916a381 elementor-align-left elementor-widget elementor-widget-button\" data-id=\"916a381\" data-element_type=\"widget\" data-widget_type=\"button.default\">\n\t\t\t\t<div class=\"elementor-widget-container\">\n\t\t\t\t\t<div class=\"elementor-button-wrapper\">\n\t\t\t<a href=\"https:\/\/bakq8mu.myraidbox.de\/arbeiten-studieren\/\" class=\"elementor-button-link elementor-button elementor-size-md\" role=\"button\">\n\t\t\t\t\t\t<span class=\"elementor-button-content-wrapper\">\n\t\t\t\t\t\t<span class=\"elementor-button-text\">More information<\/span>\n\t\t<\/span>\n\t\t\t\t\t<\/a>\n\t\t<\/div>\n\t\t\t\t<\/div>\n\t\t\t\t<\/div>\n\t\t\t\t\t<\/div>\n\t\t<\/div>\n\t\t\t\t<div class=\"elementor-column elementor-col-50 elementor-inner-column elementor-element elementor-element-cc0e2b9\" data-id=\"cc0e2b9\" data-element_type=\"column\">\n\t\t\t<div class=\"elementor-widget-wrap\">\n\t\t\t\t\t\t\t\t\t<\/div>\n\t\t<\/div>\n\t\t\t\t\t\t\t<\/div>\n\t\t<\/section>\n\t\t\t\t\t<\/div>\n\t\t<\/div>\n\t\t\t\t\t\t\t<\/div>\n\t\t<\/section>\n\t\t\t\t<section class=\"elementor-section elementor-top-section elementor-element elementor-element-969bd00 elementor-section-boxed elementor-section-height-default elementor-section-height-default\" data-id=\"969bd00\" data-element_type=\"section\">\n\t\t\t\t\t\t<div class=\"elementor-container elementor-column-gap-default\">\n\t\t\t\t\t<div class=\"elementor-column elementor-col-50 elementor-top-column elementor-element elementor-element-5857225\" data-id=\"5857225\" data-element_type=\"column\">\n\t\t\t<div class=\"elementor-widget-wrap elementor-element-populated\">\n\t\t\t\t\t\t\t\t<div class=\"elementor-element elementor-element-a170246 elementor-widget elementor-widget-text-editor\" data-id=\"a170246\" data-element_type=\"widget\" data-widget_type=\"text-editor.default\">\n\t\t\t\t<div class=\"elementor-widget-container\">\n\t\t\t\t\t\t\t<h3 class=\"widget-title\"><a title=\"Work &amp; Study\" href=\"https:\/\/web.archive.org\/web\/20190106020555\/http:\/\/alapos.de\/work-and-study\/\">Work &amp; Study<\/a><\/h3>\nThose who do not come from Germany and would like to study or work here have to face many challenges in the beginning. Alapos helps and advises you before and during your studies, when you apply for a job \u2013 and beyond!\n<div class=\"more-link-wrap\"><a href=\"http:\/\/alapos.de\/arbeiten-studieren\/\">Read more<\/a><\/div>\t\t\t\t\t\t<\/div>\n\t\t\t\t<\/div>\n\t\t\t\t\t<\/div>\n\t\t<\/div>\n\t\t\t\t<div class=\"elementor-column elementor-col-50 elementor-top-column elementor-element elementor-element-ff5f8c2\" data-id=\"ff5f8c2\" data-element_type=\"column\">\n\t\t\t<div class=\"elementor-widget-wrap elementor-element-populated\">\n\t\t\t\t\t\t\t\t<div class=\"elementor-element elementor-element-d1b1b01 elementor-widget elementor-widget-text-editor\" data-id=\"d1b1b01\" data-element_type=\"widget\" data-widget_type=\"text-editor.default\">\n\t\t\t\t<div class=\"elementor-widget-container\">\n\t\t\t\t\t\t\t<h3 class=\"widget-title\"><a title=\"Hear_me_out-Academy\" href=\"https:\/\/alapos.de\/online-academy\">Hear me out Academy<\/a><\/h3>\nAre you interested in journalism, music and culture from Germany?  Or just want to meet people from all over the world and improve your German with them?  In our online-academy, you will find a variety of courses every month that will help you to improve your German - with a flexible flatrate!\n<div><\/div>\n<div class=\"more-link-wrap\"><a class=\"more-link\" title=\"Employers &amp; Universities\" href=\"https:\/\/alapos.de\/online-academy\">Read more<\/a><\/div>\t\t\t\t\t\t<\/div>\n\t\t\t\t<\/div>\n\t\t\t\t\t<\/div>\n\t\t<\/div>\n\t\t\t\t\t\t\t<\/div>\n\t\t<\/section>\n\t\t\t\t<section class=\"elementor-section elementor-top-section elementor-element elementor-element-3662d79 elementor-section-boxed elementor-section-height-default elementor-section-height-default\" data-id=\"3662d79\" data-element_type=\"section\" id=\"donottranslate\" data-no-translation=\"\">\n\t\t\t\t\t\t<div class=\"elementor-container elementor-column-gap-default\">\n\t\t\t\t\t<div class=\"elementor-column elementor-col-100 elementor-top-column elementor-element elementor-element-e02b120\" data-id=\"e02b120\" data-element_type=\"column\">\n\t\t\t<div class=\"elementor-widget-wrap elementor-element-populated\">\n\t\t\t\t\t\t\t\t<div class=\"elementor-element elementor-element-42e8edd elementor-widget elementor-widget-text-editor\" data-id=\"42e8edd\" data-element_type=\"widget\" data-widget_type=\"text-editor.default\">\n\t\t\t\t<div class=\"elementor-widget-container\">\n\t\t\t\t\t\t\t<h3 class=\"widget-title\">\u00dcber uns<\/h3><p><strong>Wer\u00a0sind wir?<\/strong><br \/>Alapos\u00a0wurde 2012 in Berlin gegr\u00fcndet. Die Gr\u00fcnderin Christina\u00a0interessierte sich schon als Kind f\u00fcr die Kultur Chinas und\u00a0unterrichtete von 2004-2005 an der Tongji-Universit\u00e4t in Shanghai.\u00a0Kein Wunder, dass sie\u00a0den Schwerpunkt ihrer Arbeit von Beginn an auf\u00a0Kooperationen mit China legte. Bald ergab sich der erste\u00a0Kooperationsvertrag mit einer Universit\u00e4t in Beijing. Es folgten\u00a0Kooperationen mit Instituten in Nanjing und\u00a0Qingdao mit dem Ziel,\u00a0chinesische Studenten bestm\u00f6glich auf ihr Studium in Deutschland\u00a0vorzubereiten. Dazu geh\u00f6ren bis heute die kompetente Beratung zur\u00a0Wahl des passenden Studiengangs, Hilfe bei der\u00a0Bewerbung und\u00a0intensive Vorbereitung auf die DSH\/Testdaf\/Telc-Pr\u00fcfung vor Ort in\u00a0Berlin.<\/p><p>Seit\u00a02017 vermittelt Alapos Studenten aus aller Welt auch nach Europa,\u00a0Australien, Nordamerika und Kanada. Auf der Facebook-Seite\u00a0ver\u00f6ffentlichen wir regelm\u00e4\u00dfig Jobangebote unserer Partner.<\/p>\t\t\t\t\t\t<\/div>\n\t\t\t\t<\/div>\n\t\t\t\t\t<\/div>\n\t\t<\/div>\n\t\t\t\t\t\t\t<\/div>\n\t\t<\/section>\n\t\t\t\t\t\t\t<\/div>","protected":false},"excerpt":{"rendered":"<p>Studienberatung und Vorbereitung Wir machen Dich fit f\u00fcr Dein Studium in Deutschland Mehr Informationen Arbeiten &amp; Studieren Von der Auswahl des richtigen Studiengangs \u00fcber die Begleitung des gesamten Bewerbungsvorgangs stehen wir Dir zur Seite. Dies gilt u. a. f\u00fcr den Schriftverkehr mit Universit\u00e4ten und die Beratung zu den Themen Immatrikulation, Krankenkasse und Visa-Verl\u00e4ngerung. Mehr \u2026 [&hellip;]<\/p>","protected":false},"author":1,"featured_media":0,"parent":0,"menu_order":0,"comment_status":"closed","ping_status":"closed","template":"","meta":{"footnotes":""},"class_list":["post-7","page","type-page","status-publish","hentry"],"_links":{"self":[{"href":"http:\/\/alapos.de\/en\/wp-json\/wp\/v2\/pages\/7","targetHints":{"allow":["GET"]}}],"collection":[{"href":"http:\/\/alapos.de\/en\/wp-json\/wp\/v2\/pages"}],"about":[{"href":"http:\/\/alapos.de\/en\/wp-json\/wp\/v2\/types\/page"}],"author":[{"embeddable":true,"href":"http:\/\/alapos.de\/en\/wp-json\/wp\/v2\/users\/1"}],"replies":[{"embeddable":true,"href":"http:\/\/alapos.de\/en\/wp-json\/wp\/v2\/comments?post=7"}],"version-history":[{"count":127,"href":"http:\/\/alapos.de\/en\/wp-json\/wp\/v2\/pages\/7\/revisions"}],"predecessor-version":[{"id":356,"href":"http:\/\/alapos.de\/en\/wp-json\/wp\/v2\/pages\/7\/revisions\/356"}],"wp:attachment":[{"href":"http:\/\/alapos.de\/en\/wp-json\/wp\/v2\/media?parent=7"}],"curies":[{"name":"wp","href":"https:\/\/api.w.org\/{rel}","templated":true}]}}