{"id":26,"date":"2022-12-11T20:52:01","date_gmt":"2022-12-11T20:52:01","guid":{"rendered":"https:\/\/bakq8mu.myraidbox.de\/?page_id=26"},"modified":"2022-12-19T15:51:16","modified_gmt":"2022-12-19T15:51:16","slug":"arbeitgeber-hochschulen","status":"publish","type":"page","link":"http:\/\/alapos.de\/en\/arbeitgeber-hochschulen\/","title":{"rendered":"Employers &amp; Universities"},"content":{"rendered":"<div data-elementor-type=\"wp-page\" data-elementor-id=\"26\" class=\"elementor elementor-26\">\n\t\t\t\t\t\t\t\t\t<section class=\"elementor-section elementor-top-section elementor-element elementor-element-1bcf6e7 elementor-section-full_width elementor-section-stretched elementor-section-height-default elementor-section-height-default\" data-id=\"1bcf6e7\" data-element_type=\"section\" data-settings=\"{&quot;stretch_section&quot;:&quot;section-stretched&quot;,&quot;background_background&quot;:&quot;classic&quot;}\">\n\t\t\t\t\t\t<div class=\"elementor-container elementor-column-gap-default\">\n\t\t\t\t\t<div class=\"elementor-column elementor-col-100 elementor-top-column elementor-element elementor-element-759e0a5\" data-id=\"759e0a5\" data-element_type=\"column\">\n\t\t\t<div class=\"elementor-widget-wrap\">\n\t\t\t\t\t\t\t\t\t<\/div>\n\t\t<\/div>\n\t\t\t\t\t\t\t<\/div>\n\t\t<\/section>\n\t\t\t\t<section class=\"elementor-section elementor-top-section elementor-element elementor-element-188e951 elementor-section-boxed elementor-section-height-default elementor-section-height-default\" data-id=\"188e951\" data-element_type=\"section\">\n\t\t\t\t\t\t<div class=\"elementor-container elementor-column-gap-default\">\n\t\t\t\t\t<div class=\"elementor-column elementor-col-100 elementor-top-column elementor-element elementor-element-caaab26\" data-id=\"caaab26\" data-element_type=\"column\">\n\t\t\t<div class=\"elementor-widget-wrap elementor-element-populated\">\n\t\t\t\t\t\t\t\t<div class=\"elementor-element elementor-element-910f6cc elementor-widget elementor-widget-text-editor\" data-id=\"910f6cc\" data-element_type=\"widget\" data-widget_type=\"text-editor.default\">\n\t\t\t\t<div class=\"elementor-widget-container\">\n\t\t\t<style>\/*! elementor - v3.10.1 - 17-01-2023 *\/\n.elementor-widget-text-editor.elementor-drop-cap-view-stacked .elementor-drop-cap{background-color:#818a91;color:#fff}.elementor-widget-text-editor.elementor-drop-cap-view-framed .elementor-drop-cap{color:#818a91;border:3px solid;background-color:transparent}.elementor-widget-text-editor:not(.elementor-drop-cap-view-default) .elementor-drop-cap{margin-top:8px}.elementor-widget-text-editor:not(.elementor-drop-cap-view-default) .elementor-drop-cap-letter{width:1em;height:1em}.elementor-widget-text-editor .elementor-drop-cap{float:left;text-align:center;line-height:1;font-size:50px}.elementor-widget-text-editor .elementor-drop-cap-letter{display:inline-block}<\/style>\t\t\t\t<h2>ALAPOS focuses on cultural diversity.<\/h2><p>But this is just one aspect of our daily work. Our aim is to find the best and most suitable staff for your business. Through years of professional experience at the regional and international scene our teachers are familiar with the situation of foreign-language employees in the foreign country. Their professional background helps them to understand both sides of the coin.\nWith their know-how on worldwide labour markets workers from abroad will receive the necessary support to reach their full man-power (for the German labour market). From personal experience our teachers know the problems that are to be anticipated when non-natives approach a foreign job market. On this basis, they can assess the employee\u2019s situation as well as take appropriate action if needed.<\/p><p>For employers we offer the following services:\n\u2013 Professional language and cultural training of employees and workers before start of employment\n\u2013 Suggestions of suitable candidates on request\n\u2013 Placement of foreign language workers of different nationalities\n\u2013 Specialized language courses (marketing, office communication, etc.) in the form of in-house trainings\n\u2013 Intercultural mediation if problems appear at work\n\u2013 Free job listings for the search of suitable candidates at ALAPOS.de<\/p><p>Have we aroused your interest?\u00a0<a title=\"Contact\" href=\"http:\/\/alapos.de\/kontakt\/\">We look forward to hearing from you!<\/a><\/p>\t\t\t\t\t\t<\/div>\n\t\t\t\t<\/div>\n\t\t\t\t\t<\/div>\n\t\t<\/div>\n\t\t\t\t\t\t\t<\/div>\n\t\t<\/section>\n\t\t\t\t\t\t\t<\/div>","protected":false},"excerpt":{"rendered":"<p>ALAPOS setzt auf kulturelle Vielfalt. Dies gilt auch f\u00fcr die Vermittlung von geeignetem Personal f\u00fcr Ihr Unternehmen. Durch die langj\u00e4hrige berufliche Erfahrung unserer Dozenten auf regionalem und internationalem Terrain sind diese bestens mit der Situation fremdsprachlicher Arbeitnehmer vertraut. Diese Erfahrungen tragen dazu bei, dass Arbeitskr\u00e4fte aus dem Ausland die notwendige Unterst\u00fctzung erhalten, um auf dem [&hellip;]<\/p>","protected":false},"author":1,"featured_media":0,"parent":0,"menu_order":0,"comment_status":"closed","ping_status":"closed","template":"","meta":{"footnotes":""},"class_list":["post-26","page","type-page","status-publish","hentry"],"_links":{"self":[{"href":"http:\/\/alapos.de\/en\/wp-json\/wp\/v2\/pages\/26","targetHints":{"allow":["GET"]}}],"collection":[{"href":"http:\/\/alapos.de\/en\/wp-json\/wp\/v2\/pages"}],"about":[{"href":"http:\/\/alapos.de\/en\/wp-json\/wp\/v2\/types\/page"}],"author":[{"embeddable":true,"href":"http:\/\/alapos.de\/en\/wp-json\/wp\/v2\/users\/1"}],"replies":[{"embeddable":true,"href":"http:\/\/alapos.de\/en\/wp-json\/wp\/v2\/comments?post=26"}],"version-history":[{"count":22,"href":"http:\/\/alapos.de\/en\/wp-json\/wp\/v2\/pages\/26\/revisions"}],"predecessor-version":[{"id":204,"href":"http:\/\/alapos.de\/en\/wp-json\/wp\/v2\/pages\/26\/revisions\/204"}],"wp:attachment":[{"href":"http:\/\/alapos.de\/en\/wp-json\/wp\/v2\/media?parent=26"}],"curies":[{"name":"wp","href":"https:\/\/api.w.org\/{rel}","templated":true}]}}