{"id":23,"date":"2022-12-11T20:51:27","date_gmt":"2022-12-11T20:51:27","guid":{"rendered":"https:\/\/bakq8mu.myraidbox.de\/?page_id=23"},"modified":"2022-12-19T15:49:47","modified_gmt":"2022-12-19T15:49:47","slug":"arbeiten-studieren","status":"publish","type":"page","link":"http:\/\/alapos.de\/en\/arbeiten-studieren\/","title":{"rendered":"Work &amp; Study"},"content":{"rendered":"<div data-elementor-type=\"wp-page\" data-elementor-id=\"23\" class=\"elementor elementor-23\">\n\t\t\t\t\t\t\t\t\t<section class=\"elementor-section elementor-top-section elementor-element elementor-element-62516d4 elementor-section-full_width elementor-section-stretched elementor-section-height-default elementor-section-height-default\" data-id=\"62516d4\" data-element_type=\"section\" data-settings=\"{&quot;stretch_section&quot;:&quot;section-stretched&quot;}\">\n\t\t\t\t\t\t\t<div class=\"elementor-background-overlay\"><\/div>\n\t\t\t\t\t\t\t<div class=\"elementor-container elementor-column-gap-default\">\n\t\t\t\t\t<div class=\"elementor-column elementor-col-100 elementor-top-column elementor-element elementor-element-04101e7\" data-id=\"04101e7\" data-element_type=\"column\">\n\t\t\t<div class=\"elementor-widget-wrap\">\n\t\t\t\t\t\t\t\t\t<\/div>\n\t\t<\/div>\n\t\t\t\t\t\t\t<\/div>\n\t\t<\/section>\n\t\t\t\t<section class=\"elementor-section elementor-top-section elementor-element elementor-element-67a3d01 elementor-section-boxed elementor-section-height-default elementor-section-height-default\" data-id=\"67a3d01\" data-element_type=\"section\">\n\t\t\t\t\t\t<div class=\"elementor-container elementor-column-gap-default\">\n\t\t\t\t\t<div class=\"elementor-column elementor-col-100 elementor-top-column elementor-element elementor-element-1779b4b\" data-id=\"1779b4b\" data-element_type=\"column\">\n\t\t\t<div class=\"elementor-widget-wrap elementor-element-populated\">\n\t\t\t\t\t\t\t\t<div class=\"elementor-element elementor-element-a7c4549 elementor-widget elementor-widget-text-editor\" data-id=\"a7c4549\" data-element_type=\"widget\" data-widget_type=\"text-editor.default\">\n\t\t\t\t<div class=\"elementor-widget-container\">\n\t\t\t<style>\/*! elementor - v3.10.1 - 17-01-2023 *\/\n.elementor-widget-text-editor.elementor-drop-cap-view-stacked .elementor-drop-cap{background-color:#818a91;color:#fff}.elementor-widget-text-editor.elementor-drop-cap-view-framed .elementor-drop-cap{color:#818a91;border:3px solid;background-color:transparent}.elementor-widget-text-editor:not(.elementor-drop-cap-view-default) .elementor-drop-cap{margin-top:8px}.elementor-widget-text-editor:not(.elementor-drop-cap-view-default) .elementor-drop-cap-letter{width:1em;height:1em}.elementor-widget-text-editor .elementor-drop-cap{float:left;text-align:center;line-height:1;font-size:50px}.elementor-widget-text-editor .elementor-drop-cap-letter{display:inline-block}<\/style>\t\t\t\t<p><strong>You want to study in Germany?<\/strong><br \/>Those who do not come from Germany and would like to study or work here have to face many challenges in the beginning. Alapos helps and advises you before and during your studies, when you apply for a job \u2013 and beyond!<\/p><p>You want to study, but do not know which subject is suitable for you?\nWe stand by your side from choosing the right program to accompanying the entire application process. This includes for example the correspondence with universities and counselling on the issues of enrolment, health insurance and visa extension.\u00a0<strong>(DSH)<\/strong>\u00a0sowie\u00a0<strong>Testdaf<\/strong>\u00a0oder\u00a0<strong>Telc<\/strong>.<\/p><p>We also support you in the linguistic preparation for technical interviews (technical studies courses) and the German language test for university admission (DSH).\n\nAn introduction to the techniques of scientific work and intensive counselling for international PhD students are also part of our program.<\/p><p><strong>You have already graduated from university with a bachelor\u2019s or master\u2019s degree and want to gain valuable work experience in Germany?<\/strong><br \/>Here, too, we help you with a culture specific application training and the communication with companies. We also check your employment contract. In addition, you can look forward to a lot more activities.<\/p>\t\t\t\t\t\t<\/div>\n\t\t\t\t<\/div>\n\t\t\t\t\t<\/div>\n\t\t<\/div>\n\t\t\t\t\t\t\t<\/div>\n\t\t<\/section>\n\t\t\t\t\t\t\t<\/div>","protected":false},"excerpt":{"rendered":"<p>Du m\u00f6chtest in Deutschland\u00a0studieren?Von der Auswahl des richtigen Studiengangs \u00fcber die Begleitung\u00a0des gesamten Bewerbungsvorgangs stehen wir Dir zur Seite. Dies gilt\u00a0u. a. f\u00fcr den Schriftverkehr mit Universit\u00e4ten und die Beratung zu\u00a0den Themen\u00a0Immatrikulation, Krankenkasse und Visa-Verl\u00e4ngerung. Wir unterst\u00fctzen Dich au\u00dferdem bei der sprachlichen Vorbereitung\u00a0auf fachliche Interviews (Technische Studieng\u00e4nge) und die Deutsche\u00a0Sprachpr\u00fcfung f\u00fcr den Hochschulzugang\u00a0(DSH)\u00a0sowie\u00a0Testdaf\u00a0oder\u00a0Telc. Du\u00a0kommst aus [&hellip;]<\/p>","protected":false},"author":1,"featured_media":0,"parent":0,"menu_order":0,"comment_status":"closed","ping_status":"closed","template":"","meta":{"footnotes":""},"class_list":["post-23","page","type-page","status-publish","hentry"],"_links":{"self":[{"href":"http:\/\/alapos.de\/en\/wp-json\/wp\/v2\/pages\/23","targetHints":{"allow":["GET"]}}],"collection":[{"href":"http:\/\/alapos.de\/en\/wp-json\/wp\/v2\/pages"}],"about":[{"href":"http:\/\/alapos.de\/en\/wp-json\/wp\/v2\/types\/page"}],"author":[{"embeddable":true,"href":"http:\/\/alapos.de\/en\/wp-json\/wp\/v2\/users\/1"}],"replies":[{"embeddable":true,"href":"http:\/\/alapos.de\/en\/wp-json\/wp\/v2\/comments?post=23"}],"version-history":[{"count":23,"href":"http:\/\/alapos.de\/en\/wp-json\/wp\/v2\/pages\/23\/revisions"}],"predecessor-version":[{"id":198,"href":"http:\/\/alapos.de\/en\/wp-json\/wp\/v2\/pages\/23\/revisions\/198"}],"wp:attachment":[{"href":"http:\/\/alapos.de\/en\/wp-json\/wp\/v2\/media?parent=23"}],"curies":[{"name":"wp","href":"https:\/\/api.w.org\/{rel}","templated":true}]}}